{"id":1018,"date":"2018-10-18T23:52:24","date_gmt":"2018-10-18T21:52:24","guid":{"rendered":"https:\/\/georges-mathieu.fr\/?page_id=1018"},"modified":"2021-10-13T06:49:20","modified_gmt":"2021-10-13T04:49:20","slug":"hommage-a-adam-du-petit-pont","status":"publish","type":"page","link":"https:\/\/georges-mathieu.fr\/en\/artworks\/hommage-a-adam-du-petit-pont\/","title":{"rendered":"Hommage \u00e0 Adam du Petit Pont (1954)"},"content":{"rendered":"<h1 data-block=\"true\" data-editor=\"661a5\" data-offset-key=\"8qvol-0-0\">Hommage \u00e0 Adam du Petit Pont (1954)<\/h1>\n<div data-block=\"true\" data-editor=\"661a5\" data-offset-key=\"8qvol-0-0\">\n<div class=\"\" data-block=\"true\" data-editor=\"akc1o\" data-offset-key=\"b5hev-0-0\">\n<div class=\"_1mf _1mj\" data-offset-key=\"b5hev-0-0\"><em>Hommage \u00e0 Adam du Petit Pont<\/em>, 1954<\/div>\n<\/div>\n<div class=\"\" data-block=\"true\" data-editor=\"akc1o\" data-offset-key=\"5btis-0-0\">\n<div class=\"_1mf _1mj\" data-offset-key=\"5btis-0-0\"><span data-offset-key=\"5btis-0-0\">Signed and dated at the bottom right \u2018Mathieu 54\u2019<\/span><\/div>\n<\/div>\n<div class=\"\" data-block=\"true\" data-editor=\"akc1o\" data-offset-key=\"sf37-0-0\">\n<div class=\"_1mf _1mj\" data-offset-key=\"sf37-0-0\"><span data-offset-key=\"sf37-0-0\">Oil on canvas<\/span><\/div>\n<\/div>\n<div class=\"\" data-block=\"true\" data-editor=\"akc1o\" data-offset-key=\"bm7jd-0-0\">\n<div class=\"_1mf _1mj\" data-offset-key=\"bm7jd-0-0\"><span data-offset-key=\"bm7jd-0-0\">38 1\/4 x 76 3\/4 in.<\/span><\/div>\n<\/div>\n<div class=\"\" data-block=\"true\" data-editor=\"akc1o\" data-offset-key=\"7a8k7-0-0\">\n<div class=\"_1mf _1mj\" data-offset-key=\"7a8k7-0-0\"><span data-offset-key=\"7a8k7-0-0\">&nbsp;<\/span><\/div>\n<\/div>\n<div class=\"\" data-block=\"true\" data-editor=\"akc1o\" data-offset-key=\"9an7s-0-0\">\n<div class=\"_1mf _1mj\" data-offset-key=\"9an7s-0-0\"><span data-offset-key=\"9an7s-0-0\">In 1958, Georges Mathieu was interviewed by Alain Bosquet in <em>Cent questions discr\u00e8tes et moins discr\u00e8tes<\/em> (One Hundred Discreet and Less Discreet Questions), published in 1960 in the first issue of the journal <em>Ring des Arts<\/em>. In the article, Mathieu declared that:<\/span><\/div>\n<\/div>\n<div class=\"\" data-block=\"true\" data-editor=\"akc1o\" data-offset-key=\"5ss09-0-0\">\n<div class=\"_1mf _1mj\" data-offset-key=\"5ss09-0-0\"><span data-offset-key=\"5ss09-0-0\">\u201cWorking on a previously prepared background, I execute a movement that, being at its maximum efficiency, requires nothing more to be added; I would go so far as to say that, for me, the paintings where I have managed to express the maximum with the minimum are the strongest, the most important.\u201d<\/span><\/div>\n<\/div>\n<div class=\"\" data-block=\"true\" data-editor=\"akc1o\" data-offset-key=\"faoka-0-0\">\n<div class=\"_1mf _1mj\" data-offset-key=\"faoka-0-0\"><span data-offset-key=\"faoka-0-0\">To illustrate his point, Mathieu declared that his painting <em>Hommage \u00e0 Adam du Petit Pont<\/em>, \u201cwhich is nothing more than a single sign, forms a work far rarer and more extraordinary [than <em>Bataille de Bouvines<\/em>, if it] manages to express everything with so little.\u201d<\/span><\/div>\n<\/div>\n<div class=\"\" data-block=\"true\" data-editor=\"akc1o\" data-offset-key=\"26rqp-0-0\">\n<div class=\"_1mf _1mj\" data-offset-key=\"26rqp-0-0\">&nbsp;<\/div>\n<\/div>\n<div class=\"\" data-block=\"true\" data-editor=\"akc1o\" data-offset-key=\"5haks-0-0\">\n<div class=\"_1mf _1mj\" data-offset-key=\"5haks-0-0\"><span data-offset-key=\"5haks-0-0\">In the words of Marie-Claude Dane, curator at the City of Paris Museum of Modern Art:<\/span><\/div>\n<\/div>\n<div class=\"\" data-block=\"true\" data-editor=\"akc1o\" data-offset-key=\"7c4iq-0-0\">\n<div class=\"_1mf _1mj\" data-offset-key=\"7c4iq-0-0\"><span data-offset-key=\"7c4iq-0-0\">\u201cMathieu was to find confirmation of his intuitive techniques in Chan &#8211; or Zen &#8211; art, in terms of his speed of execution. (\u2026) A new art will emerge more easily from a new technique; the pure Tachisme of <em>Blanche de Turenne<\/em> (1951) reveals the essential and the invisible. The subtle paring away of <em>Adam du Petit Pont<\/em> is more hieratic with the expressive autonomy of its single white brushstroke, as much relief as paint, squeezed straight from the tube in a handful of seconds.\u201d<\/span><\/div>\n<\/div>\n<div class=\"\" data-block=\"true\" data-editor=\"akc1o\" data-offset-key=\"8tnvo-0-0\">\n<div class=\"_1mf _1mj\" data-offset-key=\"8tnvo-0-0\">&nbsp;<\/div>\n<\/div>\n<div class=\"\" data-block=\"true\" data-editor=\"akc1o\" data-offset-key=\"1vv0f-0-0\">\n<div class=\"_1mf _1mj\" data-offset-key=\"1vv0f-0-0\"><span data-offset-key=\"1vv0f-0-0\">Georges Mathieu painted a very small number of the \u2018Zen\u2019 works during his career, works that deploy minimum signs for maximum force. The first of these, <em>Blanche de Turenne<\/em> (1951), <em>Hommage \u00e0 Godefroy de Bouillon<\/em> (1952) and <em>Hommage \u00e0 Adam du Petit Pont<\/em>&nbsp;(1954), resume in a few signs the birth of the Tachisme instigated by Mathieu. They allow us to imagine that state of ecstatic trance Mathieu sometimes attained after occasionally lengthy periods of intense concentration. His paintings, behind what at first appears as intense sobriety, are in fact the result of tremendously focused energy, deployed in a rapid and intuitive manner across canvases assailed by \u201cbrushstrokes and paint deposits imbued with maximum efficiency\u201d, to the point where any addition becomes superfluous, leaving us to discover a small number of powerful ideograms written in the language of Mathieu, where \u201csign precedes meaning.\u201d Looking again at <em>Hommage \u00e0 Adam du Petit Pont<\/em>, one is inevitably reminded of the words of art critic Michel Tapi\u00e9, writing in 1952 in the catalogue for the exhibition <em>Le message signifiant de Georges Mathieu<\/em>: \u201cMathieu\u2019s visuals, far from approximation born of reflex [&#8230;] appear as traces of gigantic orthopteran movements, traces not simply <em>left<\/em> &#8211; as the phrase goes &#8211; but carefully <em>crafted<\/em> in unequivocal witness to a paroxysmal creative moment.\u201d<\/span><\/div>\n<\/div>\n<div class=\"\" data-block=\"true\" data-editor=\"akc1o\" data-offset-key=\"3efdl-0-0\">\n<div class=\"_1mf _1mj\" data-offset-key=\"3efdl-0-0\"><span data-offset-key=\"3efdl-0-0\">&nbsp;<\/span><\/div>\n<\/div>\n<div class=\"\" data-block=\"true\" data-editor=\"akc1o\" data-offset-key=\"5a57a-0-0\">\n<div class=\"_1mf _1mj\" data-offset-key=\"5a57a-0-0\"><span data-offset-key=\"5a57a-0-0\">Exhibited:<\/span><\/div>\n<\/div>\n<div class=\"\" data-block=\"true\" data-editor=\"akc1o\" data-offset-key=\"8i217-0-0\">\n<div class=\"_1mf _1mj\" data-offset-key=\"8i217-0-0\"><span data-offset-key=\"8i217-0-0\">Galerie Rive Droite, Paris, Les Cap\u00e9tiens partout !, nov. 1954, no. 1 (illustrated in the catalogue).<\/span><\/div>\n<\/div>\n<div class=\"\" data-block=\"true\" data-editor=\"akc1o\" data-offset-key=\"9rsmj-0-0\">\n<div class=\"_1mf _1mj\" data-offset-key=\"9rsmj-0-0\"><span data-offset-key=\"9rsmj-0-0\">Kunstverein, Cologne, 1959, no. 9 (illustrated in the catalogue).<\/span><\/div>\n<\/div>\n<div class=\"\" data-block=\"true\" data-editor=\"akc1o\" data-offset-key=\"dk34b-0-0\">\n<div class=\"_1mf _1mj\" data-offset-key=\"dk34b-0-0\"><span data-offset-key=\"dk34b-0-0\">Mus\u00e9e d\u2019Art Moderne de la Ville de Paris, Paris, Mathieu, 1963, no. 45 (illustrated in the catalogue).<\/span><\/div>\n<\/div>\n<div class=\"\" data-block=\"true\" data-editor=\"akc1o\" data-offset-key=\"4g5ra-0-0\">\n<div class=\"_1mf _1mj\" data-offset-key=\"4g5ra-0-0\"><span data-offset-key=\"4g5ra-0-0\">Galerie Albert Verbeke, Paris, Situation \u2013 De Kooning, Mathieu, Pollock, 1973, no. 4 (illustrated in the catalogue).<\/span><\/div>\n<\/div>\n<div class=\"\" data-block=\"true\" data-editor=\"akc1o\" data-offset-key=\"2o1h7-0-0\">\n<div class=\"_1mf _1mj\" data-offset-key=\"2o1h7-0-0\"><span data-offset-key=\"2o1h7-0-0\">Galerie Nationale du Jeu de Paume, Paris, Georges Mathieu, 2002 (illustrated in the catalogue, pp. 140-141). This exhibition later travelled to Salle Saint-Georges, Li\u00e8ge ; Galleria Gruppo Credito Valtellenise, Refettorio delle Stelline, Milan.<\/span><\/div>\n<\/div>\n<div class=\"\" data-block=\"true\" data-editor=\"akc1o\" data-offset-key=\"7sdo8-0-0\">\n<div class=\"_1mf _1mj\" data-offset-key=\"7sdo8-0-0\"><span data-offset-key=\"7sdo8-0-0\">&nbsp;<\/span><\/div>\n<\/div>\n<div class=\"\" data-block=\"true\" data-editor=\"akc1o\" data-offset-key=\"8vokr-0-0\">\n<div class=\"_1mf _1mj\" data-offset-key=\"8vokr-0-0\"><span data-offset-key=\"8vokr-0-0\">Literature:<\/span><\/div>\n<\/div>\n<div class=\"\" data-block=\"true\" data-editor=\"akc1o\" data-offset-key=\"8pq5a-0-0\">\n<div class=\"_1mf _1mj\" data-offset-key=\"8pq5a-0-0\"><span data-offset-key=\"8pq5a-0-0\">M.-C. Dane, Mathieu, coll. Les peintres c\u00e9l\u00e8bres, Mazenod, Paris, 1964, p. 239.<\/span><\/div>\n<\/div>\n<div class=\"\" data-block=\"true\" data-editor=\"akc1o\" data-offset-key=\"8o07l-0-0\">\n<div class=\"_1mf _1mj\" data-offset-key=\"8o07l-0-0\"><span data-offset-key=\"8o07l-0-0\">F. Mathey, Georges Mathieu, Hachette-Fabbri, Paris-Milan, 1969, no. 73 (illustrated).<\/span><\/div>\n<\/div>\n<div class=\"\" data-block=\"true\" data-editor=\"akc1o\" data-offset-key=\"euuar-0-0\">\n<div class=\"_1mf _1mj\" data-offset-key=\"euuar-0-0\"><span data-offset-key=\"euuar-0-0\">D. Quignon-Fleuret, Mathieu, Flammarion, Paris, 1977, p. 45.<\/span><\/div>\n<\/div>\n<div class=\"\" data-block=\"true\" data-editor=\"akc1o\" data-offset-key=\"fl8uq-0-0\">\n<div class=\"_1mf _1mj\" data-offset-key=\"fl8uq-0-0\"><span data-offset-key=\"fl8uq-0-0\">G. Mathieu, Mathieu, 50 ans de cr\u00e9ation, Hervas, Paris, 2003, p. 44 (illustrated, p. 799).<\/span><\/div>\n<\/div>\n<div class=\"\" data-block=\"true\" data-editor=\"akc1o\" data-offset-key=\"ddt30-0-0\">\n<div class=\"_1mf _1mj\" data-offset-key=\"ddt30-0-0\"><span data-offset-key=\"ddt30-0-0\">L. Harambourg, Georges Mathieu, Ides et Calendes, 2013, p. 48.<\/span><\/div>\n<\/div>\n<\/div>\n<div data-offset-key=\"9jmo8-0-0\">&nbsp;<\/div>\n<div data-offset-key=\"9jmo8-0-0\"><a href=\"https:\/\/georges-mathieu.fr\/wp-content\/uploads\/2018\/10\/AdamDuPetitPontRiester.jpg\"><img loading=\"lazy\" decoding=\"async\" class=\"alignnone size-full wp-image-1015\" src=\"https:\/\/georges-mathieu.fr\/wp-content\/uploads\/2018\/10\/AdamDuPetitPontRiester.jpg\" alt=\"\" width=\"800\" height=\"800\" srcset=\"https:\/\/georges-mathieu.fr\/wp-content\/uploads\/2018\/10\/AdamDuPetitPontRiester.jpg 800w, https:\/\/georges-mathieu.fr\/wp-content\/uploads\/2018\/10\/AdamDuPetitPontRiester-150x150.jpg 150w, https:\/\/georges-mathieu.fr\/wp-content\/uploads\/2018\/10\/AdamDuPetitPontRiester-300x300.jpg 300w, https:\/\/georges-mathieu.fr\/wp-content\/uploads\/2018\/10\/AdamDuPetitPontRiester-768x768.jpg 768w, https:\/\/georges-mathieu.fr\/wp-content\/uploads\/2018\/10\/AdamDuPetitPontRiester-500x500.jpg 500w\" sizes=\"auto, (max-width: 800px) 100vw, 800px\" \/><\/a><\/div>\n<div data-offset-key=\"9jmo8-0-0\">&nbsp;<\/div>\n<div data-offset-key=\"9jmo8-0-0\">\n<div class=\"\" data-block=\"true\" data-editor=\"661a5\" data-offset-key=\"8qvol-0-0\">\n<div class=\"_1mf _1mj\" data-offset-key=\"8qvol-0-0\"><a href=\"https:\/\/georges-mathieu.fr\/wp-content\/uploads\/2018\/10\/AdamDuPetitPontHidalgo.jpg\"><img loading=\"lazy\" decoding=\"async\" class=\"alignnone size-full wp-image-1013\" src=\"https:\/\/georges-mathieu.fr\/wp-content\/uploads\/2018\/10\/AdamDuPetitPontHidalgo.jpg\" alt=\"\" width=\"800\" height=\"798\" srcset=\"https:\/\/georges-mathieu.fr\/wp-content\/uploads\/2018\/10\/AdamDuPetitPontHidalgo.jpg 800w, https:\/\/georges-mathieu.fr\/wp-content\/uploads\/2018\/10\/AdamDuPetitPontHidalgo-150x150.jpg 150w, https:\/\/georges-mathieu.fr\/wp-content\/uploads\/2018\/10\/AdamDuPetitPontHidalgo-300x300.jpg 300w, https:\/\/georges-mathieu.fr\/wp-content\/uploads\/2018\/10\/AdamDuPetitPontHidalgo-768x766.jpg 768w, https:\/\/georges-mathieu.fr\/wp-content\/uploads\/2018\/10\/AdamDuPetitPontHidalgo-500x500.jpg 500w\" sizes=\"auto, (max-width: 800px) 100vw, 800px\" \/><\/a><\/div>\n<div data-offset-key=\"8qvol-0-0\"><span data-offset-key=\"b5hev-0-0\">On 17 October 2018, on Galerie Templon&#8217;s booth at FIAC Paris, Daniel Templon shows <em>Hommage \u00e0 Adam du Petit Pont<\/em> to <\/span><span class=\"_247o\" spellcheck=\"false\" data-offset-key=\"b5hev-7-0\"><span data-offset-key=\"b5hev-7-0\">Franck Riester<\/span><\/span><span data-offset-key=\"b5hev-8-0\">, France&#8217;s Minister of Culture and to <\/span><span class=\"_247o\" spellcheck=\"false\" data-offset-key=\"b5hev-9-0\"><span data-offset-key=\"b5hev-9-0\">Anne Hidalgo<\/span><\/span><span data-offset-key=\"b5hev-10-0\">, Mayor of Paris.<\/span><\/div>\n<\/div>\n<\/div>\n","protected":false},"excerpt":{"rendered":"<p>Hommage \u00e0 Adam du Petit Pont (1954) Hommage \u00e0 Adam du Petit Pont, 1954 Signed and dated at the bottom right \u2018Mathieu 54\u2019 Oil on canvas 38 1\/4 x 76 3\/4 in. &nbsp; In 1958, Georges Mathieu was interviewed by Alain Bosquet in Cent questions discr\u00e8tes et moins discr\u00e8tes (One Hundred Discreet and Less Discreet [&#8230;]<\/p>\n","protected":false},"author":3,"featured_media":1010,"parent":518,"menu_order":0,"comment_status":"closed","ping_status":"closed","template":"","meta":{"ngg_post_thumbnail":0,"footnotes":""},"class_list":["post-1018","page","type-page","status-publish","has-post-thumbnail","hentry"],"yoast_head":"<!-- This site is optimized with the Yoast SEO plugin v27.3 - https:\/\/yoast.com\/product\/yoast-seo-wordpress\/ -->\n<title>Hommage \u00e0 Adam du Petit Pont (1954) &#8212; Georges Mathieu<\/title>\n<meta name=\"robots\" content=\"index, follow, max-snippet:-1, max-image-preview:large, max-video-preview:-1\" \/>\n<link rel=\"canonical\" href=\"https:\/\/georges-mathieu.fr\/en\/artworks\/hommage-a-adam-du-petit-pont\/\" \/>\n<meta property=\"og:locale\" content=\"en_US\" \/>\n<meta property=\"og:type\" content=\"article\" \/>\n<meta property=\"og:title\" content=\"Hommage \u00e0 Adam du Petit Pont (1954) &#8212; Georges Mathieu\" \/>\n<meta property=\"og:description\" content=\"Hommage \u00e0 Adam du Petit Pont (1954) Hommage \u00e0 Adam du Petit Pont, 1954 Signed and dated at the bottom right \u2018Mathieu 54\u2019 Oil on canvas 38 1\/4 x 76 3\/4 in. &nbsp; In 1958, Georges Mathieu was interviewed by Alain Bosquet in Cent questions discr\u00e8tes et moins discr\u00e8tes (One Hundred Discreet and Less Discreet [...]\" \/>\n<meta property=\"og:url\" content=\"https:\/\/georges-mathieu.fr\/en\/artworks\/hommage-a-adam-du-petit-pont\/\" \/>\n<meta property=\"og:site_name\" content=\"Georges Mathieu\" \/>\n<meta property=\"article:publisher\" content=\"https:\/\/www.facebook.com\/georges.mathieu.officiel\" \/>\n<meta property=\"article:modified_time\" content=\"2021-10-13T04:49:20+00:00\" \/>\n<meta property=\"og:image\" content=\"https:\/\/georges-mathieu.fr\/wp-content\/uploads\/2018\/10\/AdamDuPetitPont.jpg\" \/>\n\t<meta property=\"og:image:width\" content=\"800\" \/>\n\t<meta property=\"og:image:height\" content=\"401\" \/>\n\t<meta property=\"og:image:type\" content=\"image\/jpeg\" \/>\n<meta name=\"twitter:label1\" content=\"Est. reading time\" \/>\n\t<meta name=\"twitter:data1\" content=\"4 minutes\" \/>\n<script type=\"application\/ld+json\" class=\"yoast-schema-graph\">{\"@context\":\"https:\\\/\\\/schema.org\",\"@graph\":[{\"@type\":\"WebPage\",\"@id\":\"https:\\\/\\\/georges-mathieu.fr\\\/en\\\/artworks\\\/hommage-a-adam-du-petit-pont\\\/\",\"url\":\"https:\\\/\\\/georges-mathieu.fr\\\/en\\\/artworks\\\/hommage-a-adam-du-petit-pont\\\/\",\"name\":\"Hommage \u00e0 Adam du Petit Pont (1954) &#8212; Georges Mathieu\",\"isPartOf\":{\"@id\":\"https:\\\/\\\/georges-mathieu.fr\\\/en\\\/#website\"},\"primaryImageOfPage\":{\"@id\":\"https:\\\/\\\/georges-mathieu.fr\\\/en\\\/artworks\\\/hommage-a-adam-du-petit-pont\\\/#primaryimage\"},\"image\":{\"@id\":\"https:\\\/\\\/georges-mathieu.fr\\\/en\\\/artworks\\\/hommage-a-adam-du-petit-pont\\\/#primaryimage\"},\"thumbnailUrl\":\"https:\\\/\\\/georges-mathieu.fr\\\/wp-content\\\/uploads\\\/2018\\\/10\\\/AdamDuPetitPont.jpg\",\"datePublished\":\"2018-10-18T21:52:24+00:00\",\"dateModified\":\"2021-10-13T04:49:20+00:00\",\"breadcrumb\":{\"@id\":\"https:\\\/\\\/georges-mathieu.fr\\\/en\\\/artworks\\\/hommage-a-adam-du-petit-pont\\\/#breadcrumb\"},\"inLanguage\":\"en-US\",\"potentialAction\":[{\"@type\":\"ReadAction\",\"target\":[\"https:\\\/\\\/georges-mathieu.fr\\\/en\\\/artworks\\\/hommage-a-adam-du-petit-pont\\\/\"]}]},{\"@type\":\"ImageObject\",\"inLanguage\":\"en-US\",\"@id\":\"https:\\\/\\\/georges-mathieu.fr\\\/en\\\/artworks\\\/hommage-a-adam-du-petit-pont\\\/#primaryimage\",\"url\":\"https:\\\/\\\/georges-mathieu.fr\\\/wp-content\\\/uploads\\\/2018\\\/10\\\/AdamDuPetitPont.jpg\",\"contentUrl\":\"https:\\\/\\\/georges-mathieu.fr\\\/wp-content\\\/uploads\\\/2018\\\/10\\\/AdamDuPetitPont.jpg\",\"width\":800,\"height\":401},{\"@type\":\"BreadcrumbList\",\"@id\":\"https:\\\/\\\/georges-mathieu.fr\\\/en\\\/artworks\\\/hommage-a-adam-du-petit-pont\\\/#breadcrumb\",\"itemListElement\":[{\"@type\":\"ListItem\",\"position\":1,\"name\":\"Accueil\",\"item\":\"https:\\\/\\\/georges-mathieu.fr\\\/en\\\/\"},{\"@type\":\"ListItem\",\"position\":2,\"name\":\"Artworks\",\"item\":\"https:\\\/\\\/georges-mathieu.fr\\\/en\\\/artworks\\\/\"},{\"@type\":\"ListItem\",\"position\":3,\"name\":\"Hommage \u00e0 Adam du Petit Pont (1954)\"}]},{\"@type\":\"WebSite\",\"@id\":\"https:\\\/\\\/georges-mathieu.fr\\\/en\\\/#website\",\"url\":\"https:\\\/\\\/georges-mathieu.fr\\\/en\\\/\",\"name\":\"Georges Mathieu\",\"description\":\"The official website\",\"potentialAction\":[{\"@type\":\"SearchAction\",\"target\":{\"@type\":\"EntryPoint\",\"urlTemplate\":\"https:\\\/\\\/georges-mathieu.fr\\\/en\\\/?s={search_term_string}\"},\"query-input\":{\"@type\":\"PropertyValueSpecification\",\"valueRequired\":true,\"valueName\":\"search_term_string\"}}],\"inLanguage\":\"en-US\"}]}<\/script>\n<!-- \/ Yoast SEO plugin. -->","yoast_head_json":{"title":"Hommage \u00e0 Adam du Petit Pont (1954) &#8212; Georges Mathieu","robots":{"index":"index","follow":"follow","max-snippet":"max-snippet:-1","max-image-preview":"max-image-preview:large","max-video-preview":"max-video-preview:-1"},"canonical":"https:\/\/georges-mathieu.fr\/en\/artworks\/hommage-a-adam-du-petit-pont\/","og_locale":"en_US","og_type":"article","og_title":"Hommage \u00e0 Adam du Petit Pont (1954) &#8212; Georges Mathieu","og_description":"Hommage \u00e0 Adam du Petit Pont (1954) Hommage \u00e0 Adam du Petit Pont, 1954 Signed and dated at the bottom right \u2018Mathieu 54\u2019 Oil on canvas 38 1\/4 x 76 3\/4 in. &nbsp; In 1958, Georges Mathieu was interviewed by Alain Bosquet in Cent questions discr\u00e8tes et moins discr\u00e8tes (One Hundred Discreet and Less Discreet [...]","og_url":"https:\/\/georges-mathieu.fr\/en\/artworks\/hommage-a-adam-du-petit-pont\/","og_site_name":"Georges Mathieu","article_publisher":"https:\/\/www.facebook.com\/georges.mathieu.officiel","article_modified_time":"2021-10-13T04:49:20+00:00","og_image":[{"width":800,"height":401,"url":"https:\/\/georges-mathieu.fr\/wp-content\/uploads\/2018\/10\/AdamDuPetitPont.jpg","type":"image\/jpeg"}],"twitter_misc":{"Est. reading time":"4 minutes"},"schema":{"@context":"https:\/\/schema.org","@graph":[{"@type":"WebPage","@id":"https:\/\/georges-mathieu.fr\/en\/artworks\/hommage-a-adam-du-petit-pont\/","url":"https:\/\/georges-mathieu.fr\/en\/artworks\/hommage-a-adam-du-petit-pont\/","name":"Hommage \u00e0 Adam du Petit Pont (1954) &#8212; Georges Mathieu","isPartOf":{"@id":"https:\/\/georges-mathieu.fr\/en\/#website"},"primaryImageOfPage":{"@id":"https:\/\/georges-mathieu.fr\/en\/artworks\/hommage-a-adam-du-petit-pont\/#primaryimage"},"image":{"@id":"https:\/\/georges-mathieu.fr\/en\/artworks\/hommage-a-adam-du-petit-pont\/#primaryimage"},"thumbnailUrl":"https:\/\/georges-mathieu.fr\/wp-content\/uploads\/2018\/10\/AdamDuPetitPont.jpg","datePublished":"2018-10-18T21:52:24+00:00","dateModified":"2021-10-13T04:49:20+00:00","breadcrumb":{"@id":"https:\/\/georges-mathieu.fr\/en\/artworks\/hommage-a-adam-du-petit-pont\/#breadcrumb"},"inLanguage":"en-US","potentialAction":[{"@type":"ReadAction","target":["https:\/\/georges-mathieu.fr\/en\/artworks\/hommage-a-adam-du-petit-pont\/"]}]},{"@type":"ImageObject","inLanguage":"en-US","@id":"https:\/\/georges-mathieu.fr\/en\/artworks\/hommage-a-adam-du-petit-pont\/#primaryimage","url":"https:\/\/georges-mathieu.fr\/wp-content\/uploads\/2018\/10\/AdamDuPetitPont.jpg","contentUrl":"https:\/\/georges-mathieu.fr\/wp-content\/uploads\/2018\/10\/AdamDuPetitPont.jpg","width":800,"height":401},{"@type":"BreadcrumbList","@id":"https:\/\/georges-mathieu.fr\/en\/artworks\/hommage-a-adam-du-petit-pont\/#breadcrumb","itemListElement":[{"@type":"ListItem","position":1,"name":"Accueil","item":"https:\/\/georges-mathieu.fr\/en\/"},{"@type":"ListItem","position":2,"name":"Artworks","item":"https:\/\/georges-mathieu.fr\/en\/artworks\/"},{"@type":"ListItem","position":3,"name":"Hommage \u00e0 Adam du Petit Pont (1954)"}]},{"@type":"WebSite","@id":"https:\/\/georges-mathieu.fr\/en\/#website","url":"https:\/\/georges-mathieu.fr\/en\/","name":"Georges Mathieu","description":"The official website","potentialAction":[{"@type":"SearchAction","target":{"@type":"EntryPoint","urlTemplate":"https:\/\/georges-mathieu.fr\/en\/?s={search_term_string}"},"query-input":{"@type":"PropertyValueSpecification","valueRequired":true,"valueName":"search_term_string"}}],"inLanguage":"en-US"}]}},"_links":{"self":[{"href":"https:\/\/georges-mathieu.fr\/en\/wp-json\/wp\/v2\/pages\/1018","targetHints":{"allow":["GET"]}}],"collection":[{"href":"https:\/\/georges-mathieu.fr\/en\/wp-json\/wp\/v2\/pages"}],"about":[{"href":"https:\/\/georges-mathieu.fr\/en\/wp-json\/wp\/v2\/types\/page"}],"author":[{"embeddable":true,"href":"https:\/\/georges-mathieu.fr\/en\/wp-json\/wp\/v2\/users\/3"}],"replies":[{"embeddable":true,"href":"https:\/\/georges-mathieu.fr\/en\/wp-json\/wp\/v2\/comments?post=1018"}],"version-history":[{"count":0,"href":"https:\/\/georges-mathieu.fr\/en\/wp-json\/wp\/v2\/pages\/1018\/revisions"}],"up":[{"embeddable":true,"href":"https:\/\/georges-mathieu.fr\/en\/wp-json\/wp\/v2\/pages\/518"}],"wp:featuredmedia":[{"embeddable":true,"href":"https:\/\/georges-mathieu.fr\/en\/wp-json\/wp\/v2\/media\/1010"}],"wp:attachment":[{"href":"https:\/\/georges-mathieu.fr\/en\/wp-json\/wp\/v2\/media?parent=1018"}],"curies":[{"name":"wp","href":"https:\/\/api.w.org\/{rel}","templated":true}]}}